{"id":9,"date":"2012-09-30T01:08:16","date_gmt":"2012-09-29T22:08:16","guid":{"rendered":"http:\/\/porintaiteilijaseura.fi\/taidelainaamo\/?page_id=9"},"modified":"2024-01-06T18:51:19","modified_gmt":"2024-01-06T16:51:19","slug":"saannot","status":"publish","type":"page","link":"https:\/\/porintaiteilijaseura.fi\/taidelainaamo\/saannot\/","title":{"rendered":"S\u00e4\u00e4nn\u00f6t"},"content":{"rendered":"<h1>Taidelainaamon periaatteet<\/h1>\n<p>Taidelainaamo\u00a0lainaa\/luovuttaa teoksia kuukausivuokraa vastaan. Teoksia voi my\u00f6s lunastaa omakseen kertaostona tai kuukausimaksua maksamalla kunnes teos on kokonaan maksettu. Asiakkaana voi olla yksityinen, 18 vuotta t\u00e4ytt\u00e4nyt henkil\u00f6, yritys tai rekister\u00f6itynyt yhteis\u00f6. Vuokraoikeuden k\u00e4ytt\u00e4minen edellytt\u00e4\u00e4, ett\u00e4 vuokraaja ilmoittaa yhteystietonsa sek\u00e4 todistaa virallisesti henkil\u00f6llisyytens\u00e4. Vuokralle antaja on vuokrasopimuksessa mainittu taiteilija, jonka nimiin ja lukuun Porin taidelainaamo tekee vuokrasopimuksen.<\/p>\n<h1>Lainaaminen ja lunastaminen<\/h1>\n<p>Lainaus etenee kuukausijaksoissa, perussopimus tehd\u00e4\u00e4n toistaiseksi. Asiakas voi halutessaan palauttaa teoksen Taidelainaamoon, jolloin lainasopimus p\u00e4\u00e4ttyy v\u00e4litt\u00f6m\u00e4sti. Pit\u00e4ess\u00e4\u00e4n teoksen asiakas sitoutuu maksamaan kuukausivuokraa ja noudattamaan Taidelainaamon s\u00e4\u00e4nt\u00f6j\u00e4 koko laina-ajan kunnes teos on palautettu tai lunastettu. Vuokraajalla on aina oikeus taideteoksen lunastukseen kesken vuokra-ajan tai sen p\u00e4\u00e4ttyess\u00e4. Mik\u00e4li vuokraaja haluaa lunastaa taideteokset, lunastushinta on teoksen myyntihinta v\u00e4hennettyn\u00e4 h\u00e4nen kyseisest\u00e4 teoksesta maksamansa kuukausivuokrat. Taiteilija s\u00e4ilytt\u00e4\u00e4 omistusoikeuden taideteokseen kunnes myyntihinta on kokonaan maksettu.<\/p>\n<p>Taiteilija t\u00e4ytt\u00e4\u00e4 osaltaan lainaussopimuksen valmiiksi jokaisesta taidelanaamoon lainattavaksi tuomastaan ty\u00f6st\u00e4 kaksin kappalein. Toinen sopimus j\u00e4\u00e4 Lainatut ty\u00f6t -kansioon ja toinen sopimuskappale luovutetaan teoksen mukana asiakkaalle.\u00a0 Asiakkaan henkil\u00f6llisyyden tarkistamisesta ja sopimuspapereiden s\u00e4ilytt\u00e4misest\u00e4 huolehtii Kirjaston kahvion henkil\u00f6kunta .<\/p>\n<h1>Arvonlis\u00e4vero<\/h1>\n<p>Kun vuokralle antava taiteilija on arvonlis\u00e4verovelvollinen (alv rek.), sis\u00e4ltyy myyntihintoihin ja kuukausivuokriin kulloinkin voimassa olevan taide-esineiden luovutukseen sovellettavan verokannan mukainen arvonlis\u00e4vero.<\/p>\n<h1>Teosten hinnat ja kuukausivuokrat<\/h1>\n<p>Osamaksuer\u00e4 on 10 % teoksen hinnasta kuukaudessa. Maksuaika on 10 kuukautta. Esim. 300 \u20ac teos maksaa kuukaudessa 30 euroa. Teoksen voi lunastaa omakseen kertaostona tai kuukausimaksua maksamalla kunnes teos on kokonaan maksettu. Vuokranmaksun er\u00e4p\u00e4iv\u00e4 on sama kuin taideteoksen vuokrausp\u00e4iv\u00e4 ja se maksetaan kultakin kuukaudelta etuk\u00e4teen sopimuksen maksuviitett\u00e4 k\u00e4ytt\u00e4en. Kuukausivuokrista ei l\u00e4hetet\u00e4 erikseen laskuja. Vuokranmaksun toistuva viiv\u00e4styminen tai laiminly\u00f6nti aiheuttaa vuokraoikeuden menetyksen. Vuokraajan on t\u00e4ll\u00f6in v\u00e4litt\u00f6m\u00e4sti palautettava vuokraamansa teos\/teokset ja maksettava er\u00e4\u00e4ntyneet maksut sek\u00e4 perimiskulut kokonaisuudessaan. Maksukehotuksesta perit\u00e4\u00e4n kuluina viisi (5) euroa.<\/p>\n<h1>T\u00f6iden pakkaaminen<\/h1>\n<p>Vastuu teoksesta siirtyy asiakkaalle teoksen siirtyess\u00e4 fyysisesti asiakkaan k\u00e4siin. Halutessaan asiakas pakkaa itse lainaamansa ty\u00f6n. Lainaamotilassa on laatikosto, jossa on asiakkaiden k\u00e4ytett\u00e4viss\u00e4 teosten kuljetusta varten pakkausmateriaalia, jota asiakas voi tarvittaessa hy\u00f6dynt\u00e4\u00e4.<\/p>\n<h1>Teoksen vakuuttaminen<\/h1>\n<p>Lainaussopimuksen allekirjoittamisen j\u00e4lkeen lainaaja vastaa teoksesta . Lainaaja on velvollinen korvaamaan teokselle laina-aikana aiheutuneet vahingot. Teoksen mahdollinen vakuuttaminen on lainaajan vastuulla.\u00a0 Laina-aika katsotaan alkaneeksi kun asiakas saa ty\u00f6n k\u00e4siins\u00e4 ja lainaussopimus on allekirjoitettu. Teos on lainaajan vastuulla silloinkin kun h\u00e4n mahdollisesti pakkaa ty\u00f6t\u00e4 kahvilan tiloissa kotiin kuljetusta varten. Teokset lainataan Taidelainaamosta siin\u00e4 kunnossa kuin ne ovat lainaushetkell\u00e4. Vuokraajalla ei ole oikeutta mill\u00e4\u00e4n tavoin kopioida, kuvata tai muulla tavoin julkisesti esitt\u00e4\u00e4 vuokraamiaan taideteoksia ellei asiasta ole erikseen taiteilijan kanssa sovittu. Vuokraajalla ei ole oikeutta muuntaa teosta mill\u00e4\u00e4n tavoin.<\/p>\n<h1>Muuta<\/h1>\n<p>Vuokraaja on velvollinen ilmoittamaan Taidelainaamolle yhteys- ja nimitiedoissaan tapahtuneet muutokset. Vuokrasopimus on henkil\u00f6- tai yhteis\u00f6kohtainen eik\u00e4 sit\u00e4 voida siirt\u00e4\u00e4 kolmannelle osapuolelle.<\/p>\n","protected":false},"excerpt":{"rendered":"<p>Taidelainaamon periaatteet Taidelainaamo\u00a0lainaa\/luovuttaa teoksia kuukausivuokraa vastaan. Teoksia voi my\u00f6s lunastaa omakseen kertaostona tai kuukausimaksua maksamalla kunnes teos on kokonaan maksettu. Asiakkaana voi olla yksityinen, 18 vuotta t\u00e4ytt\u00e4nyt henkil\u00f6, yritys tai rekister\u00f6itynyt yhteis\u00f6. Vuokraoikeuden k\u00e4ytt\u00e4minen edellytt\u00e4\u00e4, ett\u00e4 vuokraaja ilmoittaa yhteystietonsa sek\u00e4 todistaa virallisesti henkil\u00f6llisyytens\u00e4. Vuokralle antaja on vuokrasopimuksessa mainittu taiteilija, jonka nimiin ja lukuun Porin taidelainaamo&#8230;<\/p>\n","protected":false},"author":1,"featured_media":0,"parent":0,"menu_order":2,"comment_status":"closed","ping_status":"closed","template":"","meta":[],"_links":{"self":[{"href":"https:\/\/porintaiteilijaseura.fi\/taidelainaamo\/wp-json\/wp\/v2\/pages\/9"}],"collection":[{"href":"https:\/\/porintaiteilijaseura.fi\/taidelainaamo\/wp-json\/wp\/v2\/pages"}],"about":[{"href":"https:\/\/porintaiteilijaseura.fi\/taidelainaamo\/wp-json\/wp\/v2\/types\/page"}],"author":[{"embeddable":true,"href":"https:\/\/porintaiteilijaseura.fi\/taidelainaamo\/wp-json\/wp\/v2\/users\/1"}],"replies":[{"embeddable":true,"href":"https:\/\/porintaiteilijaseura.fi\/taidelainaamo\/wp-json\/wp\/v2\/comments?post=9"}],"version-history":[{"count":10,"href":"https:\/\/porintaiteilijaseura.fi\/taidelainaamo\/wp-json\/wp\/v2\/pages\/9\/revisions"}],"predecessor-version":[{"id":1738,"href":"https:\/\/porintaiteilijaseura.fi\/taidelainaamo\/wp-json\/wp\/v2\/pages\/9\/revisions\/1738"}],"wp:attachment":[{"href":"https:\/\/porintaiteilijaseura.fi\/taidelainaamo\/wp-json\/wp\/v2\/media?parent=9"}],"curies":[{"name":"wp","href":"https:\/\/api.w.org\/{rel}","templated":true}]}}