{"id":38,"date":"2012-10-08T20:41:54","date_gmt":"2012-10-08T17:41:54","guid":{"rendered":"http:\/\/porintaiteilijaseura.fi\/taidelainaamo\/?page_id=38"},"modified":"2025-07-03T14:17:13","modified_gmt":"2025-07-03T11:17:13","slug":"taiteilijoille","status":"publish","type":"page","link":"https:\/\/porintaiteilijaseura.fi\/taidelainaamo\/taiteilijoille\/","title":{"rendered":"Taiteilijoille"},"content":{"rendered":"<p>Porin taidelainaamoon voivat tuoda t\u00f6it\u00e4\u00e4n kuvataiteilijat, jotka ovat<span style=\"color: #f170a8;\"> <a style=\"color: #f170a8;\" href=\"http:\/\/www.skjl.fi\/jasenluettelo\/\" target=\"_blank\" rel=\"noopener\">Suomen Kuvataidej\u00e4rjest\u00f6jen liiton j\u00e4senyhdistysten<\/a><\/span> j\u00e4seni\u00e4 (PTS, NYTE, PTG, Rauman Taiteilijaseura, Rauman Taidegraafikot, Suomen akvarellitaiteen yhdistys), \u00a0tai valtakunnallisten taiteilijaliittojen (TML, STG, SKL, Muu ry. ORNAMO) j\u00e4seni\u00e4.<\/p>\n<p>Teostietolomakkeet ja muut ohjeet alla.<\/p>\n<h1>Porin Taiteilijaseuran j\u00e4sen: nyt on mahdollista hakea Taidelainaamoon kuukauden taiteilijaksi, yksin tai ryhm\u00e4n\u00e4<\/h1>\n<div>\n<div>\n<p>Nyt on mahdolista hakea taidelainaamon kuukauden taiteilijaksi. Hintaan 130\u20ac koko kirjaston kahvilassa sijaitsevan taidelainaamotilan saa kuukaudeksi oman n\u00e4yttelyn k\u00e4ytt\u00f6\u00f6n. Kuitenkin sill\u00e4 periaatteella, ett\u00e4 kaikki ty\u00f6t pit\u00e4\u00e4 olla ostettavissa tai vuokrattavissa taidelainaamon periaatteella. Kuukauden taiteilijaksi voi hakea my\u00f6s taiteilijapari tai -ryhm\u00e4.<\/p>\n<p>Kuukauden taiteilija huolehtii itse ripustamisesta alkuopastuksen j\u00e4lkeen. Yhdistys l\u00e4hett\u00e4\u00e4 lehdist\u00f6tiedotteet ja menovinkit lehteen ja p\u00e4ivitt\u00e4\u00e4 taidelainaamon netti- ja fb-sivut, mutta muuten kuukauden taiteilija\/taiteilijat vastaavat itse markkinoinnista. Taiteilijat seuraavat my\u00f6s itse teosten mahdollista menekki\u00e4 ja tuovat tarvittessa t\u00e4ydennysteoksia tilalle.<\/p>\n<\/div>\n<p>L\u00e4het\u00e4 vapaamuotoinen hakemus porin.taidelainaamo (\u00e4t) gmail.<wbr \/>com laita otsikoksi Kuukauden taiteilijaksi taidelainaamoon.<\/p>\n<\/div>\n<h1>Ripustusohjeita:<\/h1>\n<p>Jos olet ollut taidelainaamossa aiemminkin mukana, ja tied\u00e4t, miten taidelainaamossa toimitaan (osaat tehd\u00e4 ripustukset ja laittaa laput sein\u00e4lle ja teoslomakkeet, jotka t\u00e4ytett\u00e4viss\u00e4 ja tulostettavissa alla, kansioihin), voit hoitaa ripustamisen itsen\u00e4isesti silloin kun sinulle parhaiten sopii. Tikkaita voit tiedustella kirjastovirkailijoilta.<\/p>\n<p>T\u00e4yt\u00e4 ja tulosta teostietolomakkeet (ladattavissa t\u00e4lt\u00e4 sivulla, vierit\u00e4 sivua v\u00e4h\u00e4n alasp\u00e4in&#8230;) kahtena kappaleena jokaisesta teoksesta.<\/p>\n<p>Voit tuoda selailutelineeseen 6 teosta ja sein\u00e4lle\/pienveistoshyllyyn 3 teosta kerrallaan esille. Laita ripustukset kuntoon: Selailutelinety\u00f6t muoveihin ja sein\u00e4lle tulevat ty\u00f6t lujiin, kuljetusta kest\u00e4viin kehyksiin, joiden takana on <strong>silmuruuvit tai vastaavat tarpeeksi tukevat (ei ter\u00e4v\u00e4reunaiset) lenkit<\/strong>, joiden l\u00e4pi voi pujottaa ripustuslangan, joka tulee kiskoissa oleviin koukkuihin. Kahvilan asiakkaiden turvallisuuden ja ripustuksen sujuvuuden vuoksi on t\u00e4rke\u00e4\u00e4, ett\u00e4 ty\u00f6 varmasti pysyy sein\u00e4ll\u00e4. Silmuruuvit kannattaa sijoittaa kehyksiin my\u00f6s reilusti puolenv\u00e4lin yl\u00e4puolelle, ettei ty\u00f6 keikahda &#8221;kasvoilleen&#8221; ripustettaessa.<\/p>\n<p>Ripustus tehd\u00e4\u00e4n talkoovoimin.<\/p>\n<h1>Selailuteline<\/h1>\n<p>Selailutelineeseen voi tuoda myyntiin my\u00f6s kehyst\u00e4m\u00e4t\u00f6nt\u00e4 tai paspiksissa olevaa grafiikkaa, akvarelleja ja piirustuksia. Selailutelineest\u00e4 ei anneta teoksia vuokralle vaan teokset myyd\u00e4\u00e4n selailutelineest\u00e4 ainoastaan kertaostoina, koska mahdollinen kehyst\u00e4minen j\u00e4\u00e4 asiakkaalle.<\/p>\n<p>Huolehdi itse selailutelineeseen tuotavien t\u00f6iden muovittamisesta, jos se on tarpeellista. Maks.6 ty\u00f6t\u00e4\/taiteilija kerallaan selailutelineeseen.<\/p>\n<h1>T\u00e4yt\u00e4 ja tulosta alla olevat lomakkeet kahtena kappaleena<\/h1>\n<h3>Avaa alla olevista linkeist\u00e4 lomake, johon t\u00e4yt\u00e4t tiedot itsest\u00e4si ja teoksesta.<\/h3>\n<p><span style=\"color: #f170a8;\">Lomakkeen voi t\u00e4ytt\u00e4\u00e4 koneella, ja esit\u00e4ytetyn lomakkeen voit my\u00f6s tallentaa itsellesi niin, ett\u00e4 omia tietojasi, tilinumeroa ym. sinun ei tarvitse kirjoittaa kuin kerran.<\/span><\/p>\n<p style=\"text-align: left;\">(Tarvitset Adobe Readerin, joka useimmissa koneissa onkin lman muuta.<br \/>\nJos sinulla ei ole sit\u00e4, lataa se ilmaiseksi <span style=\"color: #f170a8;\"><a style=\"color: #f170a8;\" href=\"http:\/\/get.adobe.com\/fi\/reader\/\">t\u00e4\u00e4lt\u00e4<\/a><\/span>)<\/p>\n<p style=\"text-align: left;\">Lomake:<span style=\"color: #f170a8;\"> <a style=\"color: #f170a8;\" href=\"http:\/\/porintaiteilijaseura.fi\/taidelainaamo\/wp-content\/uploads\/2017\/01\/Lainaussopimus_taidelainaamo_ilmanhetua.pdf\" target=\"_blank\" rel=\"noopener\">Taidelainaamon seinille ja hyllyyn tulevat vuokrattavat tai myyt\u00e4v\u00e4t teokset<\/a><\/span><\/p>\n<p>Lomake:<span style=\"color: #f170a8;\"> <a style=\"color: #f170a8;\" href=\"http:\/\/porintaiteilijaseura.fi\/taidelainaamo\/wp-content\/uploads\/2017\/01\/Lainaussopimus_taidelainaamo_ilmanhetua.pdf\" target=\"_blank\" rel=\"noopener\">Selailutelineeseen tulevat teokset<\/a><\/span><\/p>\n<p>Lomake:\u00a0<span style=\"color: #f170a8;\"><a style=\"color: #f170a8;\" href=\"http:\/\/porintaiteilijaseura.fi\/taidelainaamo\/wp-content\/uploads\/2019\/03\/pikkulaput_taidelainaamo.pdf\" target=\"_blank\" rel=\"noopener\"><span style=\"color: #f170a8;\">pikkulaput_taidelainaamo<\/span><\/a><\/span><\/p>\n<p>(Huomautus: Firefox avaa usein pdf-tiedostot suoraan selaimeen, miss\u00e4 lomakkeita ei p\u00e4\u00e4se t\u00e4ytt\u00e4m\u00e4\u00e4n. Paina oikeasta yl\u00e4kulmasta &#8221;Avaa toisella ohjelmalla&#8221; -painiketta, niin saat avattua lomakkeen Readerissa, miss\u00e4 sen voi sek\u00e4 t\u00e4ytt\u00e4\u00e4 ett\u00e4 ett\u00e4 tallentaa.)<\/p>\n<p>Tulosta jokaisesta teoksesta lomake kahtena kappaleena. Lainaus\/myynti -tilanteessa toinen kappale l\u00e4htee asikkaan mukaan, toinen j\u00e4\u00e4 taidelainaamoon. Allekirjoita ne ja nido yhteen, jos mahdollista. Rei&#8217;itt\u00e4\u00e4kin ne voi valmiiksi mapitusta varten.<\/p>\n<p>Lomakkeet voi t\u00e4ytt\u00e4\u00e4 my\u00f6s k\u00e4sin taidelainaamossa, mutta siell\u00e4 ei ole kopiokonetta, tietokonetta eik\u00e4 tulostinta, joten siell\u00e4 joudut kirjoittamaan k\u00e4sin kaikki kappaleet.<\/p>\n<p>Huomaa, ett\u00e4 selailutelineeseen tulevia t\u00f6it\u00e4 varten on oma lomakkeensa (kertamyynti).<\/p>\n<h2><\/h2>\n","protected":false},"excerpt":{"rendered":"<p>Porin taidelainaamoon voivat tuoda t\u00f6it\u00e4\u00e4n kuvataiteilijat, jotka ovat Suomen Kuvataidej\u00e4rjest\u00f6jen liiton j\u00e4senyhdistysten j\u00e4seni\u00e4 (PTS, NYTE, PTG, Rauman Taiteilijaseura, Rauman Taidegraafikot, Suomen akvarellitaiteen yhdistys), \u00a0tai valtakunnallisten taiteilijaliittojen (TML, STG, SKL, Muu ry. ORNAMO) j\u00e4seni\u00e4. Teostietolomakkeet ja muut ohjeet alla. Porin Taiteilijaseuran j\u00e4sen: nyt on mahdollista hakea Taidelainaamoon kuukauden taiteilijaksi, yksin tai ryhm\u00e4n\u00e4 Nyt on mahdolista hakea&#8230;<\/p>\n","protected":false},"author":1,"featured_media":0,"parent":0,"menu_order":3,"comment_status":"closed","ping_status":"closed","template":"","meta":[],"_links":{"self":[{"href":"https:\/\/porintaiteilijaseura.fi\/taidelainaamo\/wp-json\/wp\/v2\/pages\/38"}],"collection":[{"href":"https:\/\/porintaiteilijaseura.fi\/taidelainaamo\/wp-json\/wp\/v2\/pages"}],"about":[{"href":"https:\/\/porintaiteilijaseura.fi\/taidelainaamo\/wp-json\/wp\/v2\/types\/page"}],"author":[{"embeddable":true,"href":"https:\/\/porintaiteilijaseura.fi\/taidelainaamo\/wp-json\/wp\/v2\/users\/1"}],"replies":[{"embeddable":true,"href":"https:\/\/porintaiteilijaseura.fi\/taidelainaamo\/wp-json\/wp\/v2\/comments?post=38"}],"version-history":[{"count":162,"href":"https:\/\/porintaiteilijaseura.fi\/taidelainaamo\/wp-json\/wp\/v2\/pages\/38\/revisions"}],"predecessor-version":[{"id":1794,"href":"https:\/\/porintaiteilijaseura.fi\/taidelainaamo\/wp-json\/wp\/v2\/pages\/38\/revisions\/1794"}],"wp:attachment":[{"href":"https:\/\/porintaiteilijaseura.fi\/taidelainaamo\/wp-json\/wp\/v2\/media?parent=38"}],"curies":[{"name":"wp","href":"https:\/\/api.w.org\/{rel}","templated":true}]}}